{"id":531,"date":"2020-08-03T14:39:36","date_gmt":"2020-08-03T14:39:36","guid":{"rendered":"https:\/\/karate-cards.com\/?page_id=531"},"modified":"2022-09-05T07:57:28","modified_gmt":"2022-09-05T07:57:28","slug":"descuentoprimerizo","status":"publish","type":"page","link":"https:\/\/karate-cards.com\/es\/descuentoprimerizo\/","title":{"rendered":"Descuentoprimerizo"},"content":{"rendered":"<p>[et_pb_section fb_built=&#8221;1&#8243; admin_label=&#8221;Hero Section&#8221; _builder_version=&#8221;4.16&#8243; use_background_color_gradient=&#8221;on&#8221; background_color_gradient_stops=&#8221;#000000 0%|rgba(0,0,0,0) 36%&#8221; background_color_gradient_overlays_image=&#8221;on&#8221; background_color_gradient_start=&#8221;#000000&#8243; background_color_gradient_end=&#8221;rgba(0,0,0,0)&#8221; background_color_gradient_end_position=&#8221;36%&#8221; background_image=&#8221;https:\/\/karate-cards.com\/wp-content\/uploads\/2020\/06\/01_Homepage_background.jpg&#8221; min_height=&#8221;736px&#8221; custom_margin=&#8221;||22px|||&#8221; custom_padding=&#8221;1.7%||2.7%|||&#8221; global_colors_info=&#8221;{}&#8221;][et_pb_row _builder_version=&#8221;4.16&#8243; background_enable_image=&#8221;off&#8221; parallax=&#8221;on&#8221; min_height=&#8221;121px&#8221; custom_padding=&#8221;16px||32px|||&#8221; background_last_edited=&#8221;on|phone&#8221; background_image_phone=&#8221;https:\/\/karate-cards.com\/wp-content\/uploads\/2020\/06\/01_Homepage_Cards_Mobile.png&#8221; background_enable_image_phone=&#8221;on&#8221; global_colors_info=&#8221;{}&#8221; title_text_phone=&#8221;01_Homepage_Cards_Mobile&#8221;][et_pb_column type=&#8221;4_4&#8243; _builder_version=&#8221;4.16&#8243; custom_padding=&#8221;|||&#8221; global_colors_info=&#8221;{}&#8221; custom_padding__hover=&#8221;|||&#8221;][et_pb_text admin_label=&#8221;Title&#8221; _builder_version=&#8221;4.16&#8243; text_font=&#8221;Abel||||||||&#8221; text_text_color=&#8221;#E02B20&#8243; text_line_height=&#8221;1.4em&#8221; header_font=&#8221;Quattrocento|||on|||||&#8221; header_text_align=&#8221;center&#8221; header_font_size=&#8221;80px&#8221; header_letter_spacing=&#8221;6px&#8221; header_line_height=&#8221;0.9em&#8221; background_color=&#8221;rgba(0,0,0,0)&#8221; background_enable_image=&#8221;off&#8221; parallax=&#8221;on&#8221; text_orientation=&#8221;center&#8221; background_layout=&#8221;dark&#8221; max_width=&#8221;800px&#8221; module_alignment=&#8221;center&#8221; min_height=&#8221;66px&#8221; custom_margin=&#8221;-5px||25px|14px||&#8221; custom_padding=&#8221;0px||0px||false|false&#8221; animation_style=&#8221;zoom&#8221; animation_direction=&#8221;top&#8221; animation_starting_opacity=&#8221;100%&#8221; header_font_size_tablet=&#8221;40px&#8221; header_font_size_phone=&#8221;&#8221; header_font_size_last_edited=&#8221;on|tablet&#8221; text_text_shadow_style=&#8221;preset3&#8243; text_text_shadow_blur_strength=&#8221;0.66em&#8221; text_text_shadow_color=&#8221;#e02b20&#8243; global_colors_info=&#8221;{}&#8221;]<\/p>\n<h1><span style=\"color: #ffffff;\">Karate cardS<\/span><\/h1>\n<p><span style=\"color: #ffffff; font-size: x-large;\">La historia de los katas de una manera divertida y cultivadora<\/span><\/p>\n<p>[\/et_pb_text][\/et_pb_column][\/et_pb_row][et_pb_row column_structure=&#8221;1_2,1_2&#8243; _builder_version=&#8221;4.16&#8243; custom_margin=&#8221;-84px|auto||auto||&#8221; custom_padding=&#8221;0px|||||&#8221; locked=&#8221;off&#8221; global_colors_info=&#8221;{}&#8221;][et_pb_column type=&#8221;1_2&#8243; _builder_version=&#8221;4.16&#8243; _module_preset=&#8221;default&#8221; global_colors_info=&#8221;{}&#8221;][et_pb_gallery gallery_ids=&#8221;677,656,673&#8243; fullwidth=&#8221;on&#8221; _builder_version=&#8221;4.16&#8243; _module_preset=&#8221;default&#8221; global_colors_info=&#8221;{}&#8221;][\/et_pb_gallery][\/et_pb_column][et_pb_column type=&#8221;1_2&#8243; _builder_version=&#8221;4.16&#8243; global_colors_info=&#8221;{}&#8221;][et_pb_text _builder_version=&#8221;4.16&#8243; text_font=&#8221;Quattrocento||||||||&#8221; text_text_color=&#8221;#ffffff&#8221; text_font_size=&#8221;21px&#8221; text_line_height=&#8221;1.1em&#8221; custom_padding=&#8221;3px||||false|false&#8221; text_text_shadow_style=&#8221;preset1&#8243; text_text_shadow_color=&#8221;#e02b20&#8243; global_colors_info=&#8221;{}&#8221;]<\/p>\n<p>&#8211; 26 cartas de 26 katas con la historia, caracter\u00edsticas, creador, embusen y m\u00e1s.<\/p>\n<p>&#8211; Env\u00edo GRATIS a Espa\u00f1a.<\/p>\n<p>&#8211; Ahorra 12\u20ac SOLO para las 100 primeras unidades. Precio original 30\u20ac.<\/p>\n<p style=\"text-align: center;\">30\u20ac &#8211; 40%(12\u20ac)<\/p>\n<p style=\"text-align: center;\"><u style=\"text-align: center; font-size: 40px;\">Solo por 18\u20ac!!!<\/u><\/p>\n<p>&#8211; Consigue tu 40% de descuento solo por ser de los primeros al suscribirte y te enviaremos una carta por email:<\/p>\n<p>[\/et_pb_text][et_pb_signup mailchimp_list=&#8221;hello|0ac74fe932&#8243; name_field=&#8221;on&#8221; success_action=&#8221;redirect&#8221; success_redirect_url=&#8221;https:\/\/karate-cards.com\/subscrito\/&#8221; success_redirect_query=&#8221;on|off|on|off|off&#8221; button_text=&#8221;Subscr\u00edbete&#8221; _builder_version=&#8221;4.16&#8243; form_field_background_color=&#8221;rgba(160,90,86,0.43)&#8221; form_field_text_color=&#8221;#ffffff&#8221; form_field_custom_padding=&#8221;7px||7px||true|false&#8221; header_font=&#8221;Quattrocento||||||||&#8221; header_text_align=&#8221;left&#8221; header_text_color=&#8221;#ffffff&#8221; header_font_size=&#8221;60px&#8221; header_line_height=&#8221;1.3em&#8221; body_font=&#8221;Quattrocento||||||||&#8221; body_font_size=&#8221;10px&#8221; body_line_height=&#8221;2.2em&#8221; use_background_color=&#8221;off&#8221; custom_button=&#8221;on&#8221; button_text_size=&#8221;17px&#8221; button_text_color=&#8221;#ffffff&#8221; button_bg_color=&#8221;#93b786&#8243; button_bg_image=&#8221;https:\/\/karate-cards.com\/wp-content\/uploads\/2020\/05\/Cards-background-2.png&#8221; button_bg_position=&#8221;top_left&#8221; button_border_width=&#8221;1px&#8221; button_border_color=&#8221;#000000&#8243; button_border_radius=&#8221;7px&#8221; button_letter_spacing=&#8221;4px&#8221; button_font=&#8221;Quattrocento|700||on|||||&#8221; button_icon=&#8221;&#x24;||divi||400&#8243; button_custom_padding=&#8221;4px||4px||true|false&#8221; background_layout=&#8221;light&#8221; custom_margin=&#8221;-24px|||||&#8221; custom_padding=&#8221;0px||||false|false&#8221; header_font_size_tablet=&#8221;40px&#8221; header_font_size_phone=&#8221;&#8221; header_font_size_last_edited=&#8221;on|tablet&#8221; border_width_all_fields=&#8221;1px&#8221; button_text_shadow_style=&#8221;preset1&#8243; button_text_shadow_color=&#8221;#000000&#8243; box_shadow_style_fields=&#8221;preset1&#8243; locked=&#8221;off&#8221; global_colors_info=&#8221;{}&#8221; button_text_size__hover_enabled=&#8221;off&#8221; button_one_text_size__hover_enabled=&#8221;off&#8221; button_two_text_size__hover_enabled=&#8221;off&#8221; button_text_color__hover_enabled=&#8221;off&#8221; button_one_text_color__hover_enabled=&#8221;off&#8221; button_two_text_color__hover_enabled=&#8221;off&#8221; button_border_width__hover_enabled=&#8221;off&#8221; button_one_border_width__hover_enabled=&#8221;off&#8221; button_two_border_width__hover_enabled=&#8221;off&#8221; button_border_color__hover_enabled=&#8221;off&#8221; button_one_border_color__hover_enabled=&#8221;off&#8221; button_two_border_color__hover_enabled=&#8221;off&#8221; button_border_radius__hover_enabled=&#8221;off&#8221; button_one_border_radius__hover_enabled=&#8221;off&#8221; button_two_border_radius__hover_enabled=&#8221;off&#8221; button_letter_spacing__hover_enabled=&#8221;off&#8221; button_one_letter_spacing__hover_enabled=&#8221;off&#8221; button_two_letter_spacing__hover_enabled=&#8221;off&#8221; button_bg_color__hover_enabled=&#8221;off&#8221; button_one_bg_color__hover_enabled=&#8221;off&#8221; button_two_bg_color__hover_enabled=&#8221;off&#8221;][\/et_pb_signup][\/et_pb_column][\/et_pb_row][\/et_pb_section]<\/p>\n","protected":false},"excerpt":{"rendered":"<p>Karate cardS La historia de los katas de una manera divertida y cultivadora- 26 cartas de 26 katas con la historia, caracter\u00edsticas, creador, embusen y m\u00e1s. &#8211; Env\u00edo GRATIS a Espa\u00f1a. &#8211; Ahorra 12\u20ac SOLO para las 100 primeras unidades. Precio original 30\u20ac. 30\u20ac &#8211; 40%(12\u20ac) Solo por 18\u20ac!!! &#8211; Consigue tu 40% de descuento [&hellip;]<\/p>\n","protected":false},"author":1,"featured_media":0,"parent":0,"menu_order":0,"comment_status":"closed","ping_status":"closed","template":"page-template-blank.php","meta":{"_et_pb_use_builder":"on","_et_pb_old_content":"","_et_gb_content_width":""},"_links":{"self":[{"href":"https:\/\/karate-cards.com\/es\/wp-json\/wp\/v2\/pages\/531"}],"collection":[{"href":"https:\/\/karate-cards.com\/es\/wp-json\/wp\/v2\/pages"}],"about":[{"href":"https:\/\/karate-cards.com\/es\/wp-json\/wp\/v2\/types\/page"}],"author":[{"embeddable":true,"href":"https:\/\/karate-cards.com\/es\/wp-json\/wp\/v2\/users\/1"}],"replies":[{"embeddable":true,"href":"https:\/\/karate-cards.com\/es\/wp-json\/wp\/v2\/comments?post=531"}],"version-history":[{"count":52,"href":"https:\/\/karate-cards.com\/es\/wp-json\/wp\/v2\/pages\/531\/revisions"}],"predecessor-version":[{"id":1492,"href":"https:\/\/karate-cards.com\/es\/wp-json\/wp\/v2\/pages\/531\/revisions\/1492"}],"wp:attachment":[{"href":"https:\/\/karate-cards.com\/es\/wp-json\/wp\/v2\/media?parent=531"}],"curies":[{"name":"wp","href":"https:\/\/api.w.org\/{rel}","templated":true}]}}