{"id":258,"date":"2020-05-04T15:26:58","date_gmt":"2020-05-04T15:26:58","guid":{"rendered":"https:\/\/karate-cards.com\/?page_id=258"},"modified":"2022-09-05T07:57:42","modified_gmt":"2022-09-05T07:57:42","slug":"subscrito","status":"publish","type":"page","link":"https:\/\/karate-cards.com\/es\/subscrito\/","title":{"rendered":"8. Subscrito"},"content":{"rendered":"<p>[et_pb_section fb_built=&#8221;1&#8243; _builder_version=&#8221;4.16&#8243; background_image=&#8221;https:\/\/karate-cards.com\/wp-content\/uploads\/2020\/05\/seiza-1.png&#8221; min_height=&#8221;350px&#8221; custom_padding=&#8221;63px||59px|||&#8221; global_colors_info=&#8221;{}&#8221;][et_pb_row _builder_version=&#8221;4.16&#8243; _module_preset=&#8221;default&#8221; global_colors_info=&#8221;{}&#8221;][et_pb_column type=&#8221;4_4&#8243; _builder_version=&#8221;4.16&#8243; _module_preset=&#8221;default&#8221; global_colors_info=&#8221;{}&#8221;][et_pb_text _builder_version=&#8221;4.16&#8243; _module_preset=&#8221;default&#8221; text_text_color=&#8221;#ffffff&#8221; text_font_size=&#8221;71px&#8221; animation_style=&#8221;fade&#8221; animation_duration=&#8221;1450ms&#8221; animation_delay=&#8221;300ms&#8221; global_colors_info=&#8221;{}&#8221;]<\/p>\n<p style=\"text-align: center;\">\u00a1Gracias!<\/p>\n<p>[\/et_pb_text][\/et_pb_column][\/et_pb_row][\/et_pb_section][et_pb_section fb_built=&#8221;1&#8243; _builder_version=&#8221;4.16&#8243; background_color=&#8221;#d6d6d6&#8243; use_background_color_gradient=&#8221;on&#8221; background_color_gradient_direction=&#8221;1deg&#8221; background_color_gradient_stops=&#8221;#ffffff 0%|#cccccc 70%&#8221; background_color_gradient_start=&#8221;#ffffff&#8221; background_color_gradient_end=&#8221;#cccccc&#8221; background_color_gradient_end_position=&#8221;70%&#8221; min_height=&#8221;252px&#8221; custom_padding=&#8221;1px|||||&#8221; global_colors_info=&#8221;{}&#8221;][et_pb_row column_structure=&#8221;1_2,1_2&#8243; _builder_version=&#8221;4.16&#8243; min_height=&#8221;144px&#8221; global_colors_info=&#8221;{}&#8221;][et_pb_column type=&#8221;1_2&#8243; _builder_version=&#8221;4.16&#8243; global_colors_info=&#8221;{}&#8221;][et_pb_text _builder_version=&#8221;4.16&#8243; text_font_size=&#8221;20px&#8221; width=&#8221;100%&#8221; custom_padding=&#8221;||0px|||&#8221; global_colors_info=&#8221;{}&#8221;]<\/p>\n<p>En breve recibir\u00e1s un correo electr\u00f3nico con tu c\u00f3digo de descuento de Karate Cards.<\/p>\n<p>Comprueba tu correo de spam o de promociones en Gmail.com y arrastra el correo a tu bandeja principal, as\u00ed no te perder\u00e1s nada.<\/p>\n<p>No tardes, el c\u00f3digo solo estar\u00e1 activo durante unos d\u00edas.<\/p>\n<p>Descubre m\u00e1s en la web.<\/p>\n<p>[\/et_pb_text][\/et_pb_column][et_pb_column type=&#8221;1_2&#8243; _builder_version=&#8221;4.16&#8243; global_colors_info=&#8221;{}&#8221;][et_pb_button button_url=&#8221;https:\/\/karate-cards.com\/&#8221; button_text=&#8221;Ir a karate-cards.com&#8221; button_alignment=&#8221;center&#8221; _builder_version=&#8221;4.16&#8243; custom_button=&#8221;on&#8221; button_bg_color=&#8221;#93b786&#8243; button_bg_image=&#8221;https:\/\/karate-cards.com\/wp-content\/uploads\/2020\/05\/Cards-background-2.png&#8221; button_border_width=&#8221;1px&#8221; button_border_color=&#8221;#000000&#8243; button_border_radius=&#8221;7px&#8221; button_letter_spacing=&#8221;3px&#8221; button_font=&#8221;Quattrocento|700||on|||||&#8221; button_icon=&#8221;&#x24;||divi||400&#8243; background_layout=&#8221;dark&#8221; custom_margin=&#8221;100px||||false|false&#8221; animation_style=&#8221;slide&#8221; animation_direction=&#8221;top&#8221; animation_intensity_slide=&#8221;3%&#8221; animation_starting_opacity=&#8221;100%&#8221; button_text_shadow_style=&#8221;preset1&#8243; button_text_shadow_color=&#8221;#000000&#8243; saved_tabs=&#8221;all&#8221; locked=&#8221;off&#8221; global_colors_info=&#8221;{}&#8221; button_text_size__hover_enabled=&#8221;off&#8221; button_one_text_size__hover_enabled=&#8221;off&#8221; button_two_text_size__hover_enabled=&#8221;off&#8221; button_text_color__hover_enabled=&#8221;off&#8221; button_one_text_color__hover_enabled=&#8221;off&#8221; button_two_text_color__hover_enabled=&#8221;off&#8221; button_border_width__hover_enabled=&#8221;off&#8221; button_one_border_width__hover_enabled=&#8221;off&#8221; button_two_border_width__hover_enabled=&#8221;off&#8221; button_border_color__hover_enabled=&#8221;off&#8221; button_one_border_color__hover_enabled=&#8221;off&#8221; button_two_border_color__hover_enabled=&#8221;off&#8221; button_border_radius__hover_enabled=&#8221;off&#8221; button_one_border_radius__hover_enabled=&#8221;off&#8221; button_two_border_radius__hover_enabled=&#8221;off&#8221; button_letter_spacing__hover_enabled=&#8221;off&#8221; button_one_letter_spacing__hover_enabled=&#8221;off&#8221; button_two_letter_spacing__hover_enabled=&#8221;off&#8221; button_bg_color__hover_enabled=&#8221;off&#8221; button_one_bg_color__hover_enabled=&#8221;off&#8221; button_two_bg_color__hover_enabled=&#8221;off&#8221;][\/et_pb_button][\/et_pb_column][\/et_pb_row][\/et_pb_section]<\/p>\n","protected":false},"excerpt":{"rendered":"<p>\u00a1Gracias!En breve recibir\u00e1s un correo electr\u00f3nico con tu c\u00f3digo de descuento de Karate Cards. Comprueba tu correo de spam o de promociones en Gmail.com y arrastra el correo a tu bandeja principal, as\u00ed no te perder\u00e1s nada. No tardes, el c\u00f3digo solo estar\u00e1 activo durante unos d\u00edas. Descubre m\u00e1s en la web.<\/p>\n","protected":false},"author":1,"featured_media":0,"parent":0,"menu_order":0,"comment_status":"closed","ping_status":"closed","template":"page-template-blank.php","meta":{"_et_pb_use_builder":"on","_et_pb_old_content":"","_et_gb_content_width":""},"_links":{"self":[{"href":"https:\/\/karate-cards.com\/es\/wp-json\/wp\/v2\/pages\/258"}],"collection":[{"href":"https:\/\/karate-cards.com\/es\/wp-json\/wp\/v2\/pages"}],"about":[{"href":"https:\/\/karate-cards.com\/es\/wp-json\/wp\/v2\/types\/page"}],"author":[{"embeddable":true,"href":"https:\/\/karate-cards.com\/es\/wp-json\/wp\/v2\/users\/1"}],"replies":[{"embeddable":true,"href":"https:\/\/karate-cards.com\/es\/wp-json\/wp\/v2\/comments?post=258"}],"version-history":[{"count":18,"href":"https:\/\/karate-cards.com\/es\/wp-json\/wp\/v2\/pages\/258\/revisions"}],"predecessor-version":[{"id":1493,"href":"https:\/\/karate-cards.com\/es\/wp-json\/wp\/v2\/pages\/258\/revisions\/1493"}],"wp:attachment":[{"href":"https:\/\/karate-cards.com\/es\/wp-json\/wp\/v2\/media?parent=258"}],"curies":[{"name":"wp","href":"https:\/\/api.w.org\/{rel}","templated":true}]}}